{"id":6849,"date":"2024-04-15T14:01:24","date_gmt":"2024-04-15T19:01:24","guid":{"rendered":"https:\/\/celticfestms.org\/wp\/?page_id=6849"},"modified":"2024-05-23T13:19:42","modified_gmt":"2024-05-23T18:19:42","slug":"eimear-arkins-alan-murray-david-mckindley-ward","status":"publish","type":"page","link":"https:\/\/celticfestms.org\/wp\/eimear-arkins-alan-murray-david-mckindley-ward\/","title":{"rendered":"Eimear Arkins, Alan Murray &amp; David McKindley-Ward"},"content":{"rendered":"\n<p>Eimear, Alan and David met at Catskills Irish Arts Week. Their friendship and musical partnership developed out of many cross-country roadtrips back and forth and time spent playing at the infamous John D. McGurks in St Louis, MO. They have performed at numerous festivals across the US including Atlanta IrishFest, St Louis Tion\u00f3l, O\u2019Flaherty Irish Music Retreat, and as part of the Irish Rambling House touring troupe.<\/p>\n\n\n\n<figure class=\"wp-block-gallery has-nested-images columns-default is-cropped wp-block-gallery-1 is-layout-flex wp-block-gallery-is-layout-flex\">\n<figure class=\"wp-block-image size-large is-style-default\"><img decoding=\"async\" data-id=\"6850\" src=\"https:\/\/celticfestms.org\/wp\/wp-content\/uploads\/2024\/04\/1-1024x1024.png\" alt=\"\" class=\"wp-image-6850\"\/><\/figure>\n<\/figure>\n\n\n\n<p><strong>Eimear Arkins<\/strong><\/p>\n\n\n\n<p>Eimear Arkins is an award winning musician and singer from County Clare, now living in St. Louis, MO. She has toured throughout the US, Ireland and beyond with acclaimed bands like Cherish The Ladies, T\u00e9ada, and Tom\u00e1seen Foley\u2019s A Celtic Christmas. She is regularly seen performing with harp player and St Louis native, Eileen Gannon and guitar\/bouzouki player and singer David McKindley-Ward. Eimear has also toured extensively with the international music organization Comhaltas Ceolt\u00f3ir\u00ed \u00c9ireann on concert tours throughout Ireland, Britain, North America and Canada and with the internationally renowned show Br\u00fa Bor\u00fa. Eimear is a qualified Irish music and dance instructor and has performed and given workshops at festivals all over the world including F\u00e9ile S\u00e9amus Creagh, Newfoundland; Catskills Irish Arts Week; Viljandi P\u00e4rimusmuusika Festival, Estonia; St Louis Tion\u00f3l; Canadian Celtic Celebration, and Festival Interceltique de Lorient, France. In June 2018 she released her debut album, <em>What\u2019s Next? <\/em>and was awarded \u201cBest Newcomer\u201d from LiveIreland in 2019. In January 2020, Eimear was awarded an Artist Fellowship from the Regional Arts Commission of St. Louis. Eimear recently released her second album, <em>Here &amp; There<\/em>, featuring collaborations with David McKindley Ward, Eileen Gannon, Alan Murray and Kevin Buckley.<\/p>\n\n\n\n<p><a href=\"http:\/\/www.eimeararkins.com www.facebook.com\/eimeararkinsmusic\">www.eimeararkins.com www.facebook.com\/eimeararkinsmusic<\/a><\/p>\n\n\n\n<p><strong>Alan Murray<\/strong><\/p>\n\n\n\n<p>Guitarist, bouzouki player and singer Alan Murray lives in New Jersey where he has established himself as an in-demand performer and teacher on the Irish music scene. He currently plays and tours around the world with many of the finest traditional musicians and acts today, and has taught classes at such prestigious music programs as Warren Wilson college\u2019s Swanannoa Gathering, Catskills Irish Arts Week, Fairbanks Summer Arts Festival, The O\u2019Flaherty Retreat, as well as masterclasses in Irish and Celtic music at the University of Louisiana and Connecticut\u2019s Scared Heart University. He recently released a CD with his band FourWinds .<\/p>\n\n\n\n<p><strong>David McKindley-Ward<\/strong><\/p>\n\n\n\n<p>Award winning musician and singer, David McKindley-Ward, grew up in the DC area steeped in folk, American and old time music. His traditional singing style and versatile accompaniment skills meant a transition to Irish music was a great fit. David has collaborated with Irish singers and instrumentalists alike including Billy McComiskey; Eimear Arkins; Liz Hanley; and Joey Abarta and Brenda Castles as The Sheep Stealers. He has recorded a number of albums with long time friend and songwriter Letitia VanSant. Over the last few years, he has made a name for himself as a touring artist across the US, Ireland and the UK and a regular performer and tutor at festivals including Catskills Irish Arts Week, Baltimore TradFest and The Philadelphia C\u00e9il\u00ed Group. He recently moved to the Boston area and has found a musical home amongst the fine traditional Irish musicians based there.<\/p>\n\n\n\n<p><strong>Videos:<\/strong><\/p>\n\n\n\n<figure class=\"wp-block-embed is-type-video is-provider-youtube wp-block-embed-youtube wp-embed-aspect-16-9 wp-has-aspect-ratio\"><div class=\"wp-block-embed__wrapper\">\n<iframe loading=\"lazy\" title=\"Focal Point Presents   Eimear Arkins January 28 2024\" width=\"950\" height=\"534\" src=\"https:\/\/www.youtube.com\/embed\/cg47YAYg-rI?start=10&#038;feature=oembed\" frameborder=\"0\" allow=\"accelerometer; autoplay; clipboard-write; encrypted-media; gyroscope; picture-in-picture; web-share\" referrerpolicy=\"strict-origin-when-cross-origin\" allowfullscreen><\/iframe>\n<\/div><\/figure>\n\n\n\n<p><br>Eimear &amp; David &#8211; <a href=\"https:\/\/www.youtube.com\/watch?v=aA4YMlQyiOk\" target=\"_blank\" rel=\"noreferrer noopener\">The Night Visiting Song<\/a><\/p>\n\n\n\n<figure class=\"wp-block-embed is-type-video is-provider-youtube wp-block-embed-youtube wp-embed-aspect-16-9 wp-has-aspect-ratio\"><div class=\"wp-block-embed__wrapper\">\n<iframe loading=\"lazy\" title=\"Eimear Arkins &amp; David McKindley-Ward - Night Visiting Song\" width=\"950\" height=\"534\" src=\"https:\/\/www.youtube.com\/embed\/aA4YMlQyiOk?feature=oembed\" frameborder=\"0\" allow=\"accelerometer; autoplay; clipboard-write; encrypted-media; gyroscope; picture-in-picture; web-share\" referrerpolicy=\"strict-origin-when-cross-origin\" allowfullscreen><\/iframe>\n<\/div><\/figure>\n\n\n\n<p><br>Eimear &amp; David live at <a href=\"https:\/\/www.youtube.com\/watch?v=knCrJcqx-Bo\" target=\"_blank\" rel=\"noreferrer noopener\">The White Horse<\/a><\/p>\n\n\n\n<figure class=\"wp-block-embed is-type-video is-provider-youtube wp-block-embed-youtube wp-embed-aspect-16-9 wp-has-aspect-ratio\"><div class=\"wp-block-embed__wrapper\">\n<iframe loading=\"lazy\" title=\"Eimear Arkins and David McKindley-Ward at White Horse Black Mountain\" width=\"950\" height=\"534\" src=\"https:\/\/www.youtube.com\/embed\/knCrJcqx-Bo?feature=oembed\" frameborder=\"0\" allow=\"accelerometer; autoplay; clipboard-write; encrypted-media; gyroscope; picture-in-picture; web-share\" referrerpolicy=\"strict-origin-when-cross-origin\" allowfullscreen><\/iframe>\n<\/div><\/figure>\n\n\n\n<p><br>Eimear &amp; David live at Focal Point &#8211; <a href=\"https:\/\/www.youtube.com\/watch?v=FAZifCwWbvs\" target=\"_blank\" rel=\"noreferrer noopener\">Dobbin\u2019s Flowery Vale<\/a><\/p>\n\n\n\n<figure class=\"wp-block-embed is-type-video is-provider-youtube wp-block-embed-youtube wp-embed-aspect-16-9 wp-has-aspect-ratio\"><div class=\"wp-block-embed__wrapper\">\n<iframe loading=\"lazy\" title=\"Dobbins Flowery Veil - performed by David McKindley-Ward, Marty Frye and Eimear Arkins\" width=\"950\" height=\"534\" src=\"https:\/\/www.youtube.com\/embed\/FAZifCwWbvs?feature=oembed\" frameborder=\"0\" allow=\"accelerometer; autoplay; clipboard-write; encrypted-media; gyroscope; picture-in-picture; web-share\" referrerpolicy=\"strict-origin-when-cross-origin\" allowfullscreen><\/iframe>\n<\/div><\/figure>\n\n\n\n<p>Eimear Arkins &amp; Eileen Gannon &#8211; <a href=\"https:\/\/vimeo.com\/306890968\">Promo Video<\/a><\/p>\n\n\n\n<figure class=\"wp-block-embed is-type-video is-provider-vimeo wp-block-embed-vimeo wp-embed-aspect-16-9 wp-has-aspect-ratio\"><div class=\"wp-block-embed__wrapper\">\n<iframe loading=\"lazy\" title=\"Eimear &amp; Eileen Promo 2019\" src=\"https:\/\/player.vimeo.com\/video\/306890968?dnt=1&amp;app_id=122963\" width=\"950\" height=\"534\" frameborder=\"0\" allow=\"autoplay; fullscreen; picture-in-picture; clipboard-write\"><\/iframe>\n<\/div><\/figure>\n\n\n\n<p><strong>Let\u2019s Connect:<\/strong><\/p>\n\n\n\n<p>eimeararkinsmusic@gmail.com<\/p>\n","protected":false},"excerpt":{"rendered":"<p>Eimear, Alan and David met at Catskills Irish Arts Week. Their friendship and musical partnership developed out of many cross-country roadtrips back and forth and time spent playing at the infamous John D. McGurks in St Louis, MO. They have performed at numerous festivals across the US including Atlanta IrishFest, St Louis Tion\u00f3l, O\u2019Flaherty Irish &hellip; <\/p>\n<p class=\"link-more\"><a href=\"https:\/\/celticfestms.org\/wp\/eimear-arkins-alan-murray-david-mckindley-ward\/\" class=\"more-link\">Read more<span class=\"screen-reader-text\"> &#8220;Eimear Arkins, Alan Murray &amp; David McKindley-Ward&#8221;<\/span><\/a><\/p>\n","protected":false},"author":1,"featured_media":0,"parent":0,"menu_order":0,"comment_status":"closed","ping_status":"closed","template":"","meta":{"inspiro_hide_title":false,"footnotes":""},"class_list":["post-6849","page","type-page","status-publish","hentry"],"featured_media_urls":[],"_links":{"self":[{"href":"https:\/\/celticfestms.org\/wp\/wp-json\/wp\/v2\/pages\/6849","targetHints":{"allow":["GET"]}}],"collection":[{"href":"https:\/\/celticfestms.org\/wp\/wp-json\/wp\/v2\/pages"}],"about":[{"href":"https:\/\/celticfestms.org\/wp\/wp-json\/wp\/v2\/types\/page"}],"author":[{"embeddable":true,"href":"https:\/\/celticfestms.org\/wp\/wp-json\/wp\/v2\/users\/1"}],"replies":[{"embeddable":true,"href":"https:\/\/celticfestms.org\/wp\/wp-json\/wp\/v2\/comments?post=6849"}],"version-history":[{"count":4,"href":"https:\/\/celticfestms.org\/wp\/wp-json\/wp\/v2\/pages\/6849\/revisions"}],"predecessor-version":[{"id":7055,"href":"https:\/\/celticfestms.org\/wp\/wp-json\/wp\/v2\/pages\/6849\/revisions\/7055"}],"wp:attachment":[{"href":"https:\/\/celticfestms.org\/wp\/wp-json\/wp\/v2\/media?parent=6849"}],"curies":[{"name":"wp","href":"https:\/\/api.w.org\/{rel}","templated":true}]}}